{"id":10773,"date":"2024-10-04T12:36:55","date_gmt":"2024-10-04T10:36:55","guid":{"rendered":"https:\/\/www.benify.com\/?page_id=10773"},"modified":"2026-03-24T17:35:20","modified_gmt":"2026-03-24T16:35:20","slug":"benifex-api-connect","status":"publish","type":"page","link":"https:\/\/benifex.com\/de\/die-benefits-plattform\/benifex-api-connect\/","title":{"rendered":"Benifex API Connect"},"content":{"rendered":"\t\t<div data-elementor-type=\"wp-page\" data-elementor-id=\"10773\" class=\"elementor elementor-10773\" data-elementor-post-type=\"page\">\n\t\t\t\t<div class=\"elementor-element elementor-element-ca70944 e-flex e-con-boxed e-con e-parent\" data-id=\"ca70944\" data-element_type=\"container\" data-e-type=\"container\" data-settings=\"{&quot;background_background&quot;:&quot;classic&quot;}\">\n\t\t\t\t\t<div class=\"e-con-inner\">\n\t\t\t\t<div class=\"elementor-element elementor-element-6a2635b elementor-widget__width-initial elementor-widget-mobile__width-inherit elementor-widget elementor-widget-heading\" data-id=\"6a2635b\" data-element_type=\"widget\" data-e-type=\"widget\" data-widget_type=\"heading.default\">\n\t\t\t\t\t<h1 class=\"elementor-heading-title elementor-size-default\">Benifex API Connect<\/h1>\t\t\t\t<\/div>\n\t\t\t\t<div class=\"elementor-element elementor-element-bf90697 elementor-widget__width-initial elementor-widget-mobile__width-inherit elementor-widget elementor-widget-heading\" data-id=\"bf90697\" data-element_type=\"widget\" data-e-type=\"widget\" data-widget_type=\"heading.default\">\n\t\t\t\t\t<h2 class=\"elementor-heading-title elementor-size-default\">Benifex API Connect ist die L\u00f6sung, die den Datenaustausch vereinfacht und Echtzeit-Updates automatisiert \u2013 alles, um eine bessere Erfahrung f\u00fcr sowohl HR-Teams als auch Mitarbeitende zu schaffen.<\/h2>\t\t\t\t<\/div>\n\t\t\t\t\t<\/div>\n\t\t\t\t<\/div>\n\t\t<div class=\"elementor-element elementor-element-23eb2b2 elementor-hidden-mobile e-flex e-con-boxed e-con e-parent\" data-id=\"23eb2b2\" data-element_type=\"container\" data-e-type=\"container\">\n\t\t\t\t\t<div class=\"e-con-inner\">\n\t\t\t\t<div class=\"elementor-element elementor-element-cdb52d9 elementor-widget__width-initial elementor-widget elementor-widget-breadcrumbs\" data-id=\"cdb52d9\" data-element_type=\"widget\" data-e-type=\"widget\" data-widget_type=\"breadcrumbs.default\">\n\t\t\t\t\t<p id=\"breadcrumbs\"><span><span><a href=\"https:\/\/benifex.com\/de\/en\/\">Home<\/a><\/span><\/span><\/p>\t\t\t\t<\/div>\n\t\t\t\t\t<\/div>\n\t\t\t\t<\/div>\n\t\t<div class=\"elementor-element elementor-element-31b352c e-flex e-con-boxed e-con e-parent\" data-id=\"31b352c\" data-element_type=\"container\" data-e-type=\"container\">\n\t\t\t\t\t<div class=\"e-con-inner\">\n\t\t<div class=\"elementor-element elementor-element-c8d9371 e-con-full e-flex e-con e-child\" data-id=\"c8d9371\" data-element_type=\"container\" data-e-type=\"container\" data-settings=\"{&quot;background_background&quot;:&quot;classic&quot;}\">\n\t\t\t\t<div class=\"elementor-element elementor-element-add0472 elementor-widget elementor-widget-spacer\" data-id=\"add0472\" data-element_type=\"widget\" data-e-type=\"widget\" data-widget_type=\"spacer.default\">\n\t\t\t\t\t\t\t<div class=\"elementor-spacer\">\n\t\t\t<div class=\"elementor-spacer-inner\"><\/div>\n\t\t<\/div>\n\t\t\t\t\t\t<\/div>\n\t\t\t\t<\/div>\n\t\t<div class=\"elementor-element elementor-element-e99bfa2 e-con-full e-flex e-con e-child\" data-id=\"e99bfa2\" data-element_type=\"container\" data-e-type=\"container\" data-settings=\"{&quot;background_background&quot;:&quot;classic&quot;}\">\n\t\t\t\t<div class=\"elementor-element elementor-element-b923ebb elementor-widget elementor-widget-heading\" data-id=\"b923ebb\" data-element_type=\"widget\" data-e-type=\"widget\" data-widget_type=\"heading.default\">\n\t\t\t\t\t<h4 class=\"elementor-heading-title elementor-size-default\">Eine API-L\u00f6sung f\u00fcr nahtlose Integration<\/h4>\t\t\t\t<\/div>\n\t\t\t\t<div class=\"elementor-element elementor-element-4837730 elementor-widget elementor-widget-text-editor\" data-id=\"4837730\" data-element_type=\"widget\" data-e-type=\"widget\" data-widget_type=\"text-editor.default\">\n\t\t\t\t\t\t\t\t\t<p>API Connect nutzt Daten aus HR- oder Gehaltssystemen als Grundlage, um Mitarbeiterdaten zu verkn\u00fcpfen. Dadurch wird der Prozess der Daten\u00fcbertragung vereinfacht, sicherer und in Echtzeit aktualisiert. \u00c4nderungen im Verg\u00fctungspaket eines Mitarbeiters werden sofort angezeigt, da die eigentliche Quelle aller Mitarbeiterdaten direkt aus dem HR-System stammt.<\/p>\t\t\t\t\t\t\t\t<\/div>\n\t\t\t\t<\/div>\n\t\t\t\t\t<\/div>\n\t\t\t\t<\/div>\n\t\t<div class=\"elementor-element elementor-element-66d1873 e-flex e-con-boxed e-con e-parent\" data-id=\"66d1873\" data-element_type=\"container\" data-e-type=\"container\">\n\t\t\t\t\t<div class=\"e-con-inner\">\n\t\t<div class=\"elementor-element elementor-element-7dea9e7 e-con-full e-flex e-con e-child\" data-id=\"7dea9e7\" data-element_type=\"container\" data-e-type=\"container\" data-settings=\"{&quot;background_background&quot;:&quot;classic&quot;}\">\n\t\t\t\t<div class=\"elementor-element elementor-element-22385a7 elementor-widget elementor-widget-heading\" data-id=\"22385a7\" data-element_type=\"widget\" data-e-type=\"widget\" data-widget_type=\"heading.default\">\n\t\t\t\t\t<h4 class=\"elementor-heading-title elementor-size-default\">Eine nahtlose Mitarbeitererfahrung mit ereignisgesteuerten Echtzeit-Updates<\/h4>\t\t\t\t<\/div>\n\t\t\t\t<div class=\"elementor-element elementor-element-73e1c05 elementor-widget elementor-widget-text-editor\" data-id=\"73e1c05\" data-element_type=\"widget\" data-e-type=\"widget\" data-widget_type=\"text-editor.default\">\n\t\t\t\t\t\t\t\t\t<p>Mit unseren offenen APIs k\u00f6nnen Sie sicherstellen, dass Ihre Mitarbeitenden stets aktuelle Informationen zu ihrer Besch\u00e4ftigung und ihren Benefits erhalten. Durch die Automatisierung des Datenflusses zwischen Ihren bestehenden HR-Systemen und der Benifex-Plattform k\u00f6nnen Sie das Risiko fehlerhafter Informationen reduzieren und gleichzeitig das Gesamterlebnis der Mitarbeitenden verbessern.<\/p><p><strong>Vorteile von Benifex API Connect:<\/strong><br \/>\u2022 Automatische Echtzeit-Daten\u00fcbertragung f\u00fcr Mitarbeitende<br \/>\u2022 Keine redundanten Systeme oder inkonsistente Daten<br \/>\u2022 Nahtlose Integration zwischen Benefit- und Verg\u00fctungssystemen<\/p>\t\t\t\t\t\t\t\t<\/div>\n\t\t\t\t<\/div>\n\t\t<div class=\"elementor-element elementor-element-f9d25ac e-con-full e-flex e-con e-child\" data-id=\"f9d25ac\" data-element_type=\"container\" data-e-type=\"container\" data-settings=\"{&quot;background_background&quot;:&quot;classic&quot;}\">\n\t\t\t\t<div class=\"elementor-element elementor-element-420ffe3 elementor-widget elementor-widget-spacer\" data-id=\"420ffe3\" data-element_type=\"widget\" data-e-type=\"widget\" data-widget_type=\"spacer.default\">\n\t\t\t\t\t\t\t<div class=\"elementor-spacer\">\n\t\t\t<div class=\"elementor-spacer-inner\"><\/div>\n\t\t<\/div>\n\t\t\t\t\t\t<\/div>\n\t\t\t\t<\/div>\n\t\t\t\t\t<\/div>\n\t\t\t\t<\/div>\n\t\t<div class=\"elementor-element elementor-element-6eaf98f e-flex e-con-boxed e-con e-parent\" data-id=\"6eaf98f\" data-element_type=\"container\" data-e-type=\"container\" data-settings=\"{&quot;background_background&quot;:&quot;classic&quot;}\">\n\t\t\t\t\t<div class=\"e-con-inner\">\n\t\t<div class=\"elementor-element elementor-element-c13355a e-con-full e-flex e-con e-child\" data-id=\"c13355a\" data-element_type=\"container\" data-e-type=\"container\" data-settings=\"{&quot;background_background&quot;:&quot;classic&quot;}\">\n\t\t\t\t<div class=\"elementor-element elementor-element-d5ec8af elementor-widget elementor-widget-heading\" data-id=\"d5ec8af\" data-element_type=\"widget\" data-e-type=\"widget\" data-widget_type=\"heading.default\">\n\t\t\t\t\t<h2 class=\"elementor-heading-title elementor-size-default\">Schnell, einfach und zuverl\u00e4ssig<\/h2>\t\t\t\t<\/div>\n\t\t\t\t<div class=\"elementor-element elementor-element-bdbd1d5 elementor-widget elementor-widget-text-editor\" data-id=\"bdbd1d5\" data-element_type=\"widget\" data-e-type=\"widget\" data-widget_type=\"text-editor.default\">\n\t\t\t\t\t\t\t\t\tDurch den Einsatz einer API-L\u00f6sung zur Verwaltung von Mitarbeiterdaten k\u00f6nnen Sie ein relevantes Mitarbeitererlebnis mit einem automatisierten Datenfluss schaffen. Dies erm\u00f6glicht ereignisgesteuerte Echtzeit-Erlebnisse, sichere Daten\u00fcbertragungen und schnellere Implementierungen.\t\t\t\t\t\t\t\t<\/div>\n\t\t\t\t<\/div>\n\t\t<div class=\"elementor-element elementor-element-87fc78c e-con-full e-transform e-flex e-con e-child\" data-id=\"87fc78c\" data-element_type=\"container\" data-e-type=\"container\" data-settings=\"{&quot;background_background&quot;:&quot;classic&quot;,&quot;_transform_scale_effect_hover&quot;:{&quot;unit&quot;:&quot;px&quot;,&quot;size&quot;:1.05,&quot;sizes&quot;:[]},&quot;_transform_scale_effect_hover_tablet&quot;:{&quot;unit&quot;:&quot;px&quot;,&quot;size&quot;:&quot;&quot;,&quot;sizes&quot;:[]},&quot;_transform_scale_effect_hover_mobile&quot;:{&quot;unit&quot;:&quot;px&quot;,&quot;size&quot;:&quot;&quot;,&quot;sizes&quot;:[]}}\">\n\t\t\t\t<div class=\"elementor-element elementor-element-dc69ee0 elementor-widget elementor-widget-video\" data-id=\"dc69ee0\" data-element_type=\"widget\" data-e-type=\"widget\" data-settings=\"{&quot;video_type&quot;:&quot;vimeo&quot;,&quot;show_image_overlay&quot;:&quot;yes&quot;,&quot;image_overlay&quot;:{&quot;url&quot;:&quot;https:\\\/\\\/www.benify.com\\\/wp-content\\\/uploads\\\/api-connect-thumb.jpg&quot;,&quot;id&quot;:3215,&quot;size&quot;:&quot;&quot;,&quot;alt&quot;:&quot;&quot;,&quot;source&quot;:&quot;library&quot;},&quot;lightbox&quot;:&quot;yes&quot;}\" data-widget_type=\"video.default\">\n\t\t\t\t\t\t\t<div class=\"elementor-wrapper elementor-open-lightbox\">\n\t\t\t\t\t\t\t<div class=\"elementor-custom-embed-image-overlay\" data-elementor-open-lightbox=\"yes\" data-elementor-lightbox=\"{&quot;type&quot;:&quot;video&quot;,&quot;videoType&quot;:&quot;vimeo&quot;,&quot;url&quot;:&quot;https:\\\/\\\/www.youtube.com\\\/embed\\\/_pOQq5RXl2c?feature=oembed&amp;color&amp;autopause=0&amp;loop=0&amp;muted=0&amp;title=1&amp;portrait=1&amp;byline=1&quot;,&quot;autoplay&quot;:&quot;&quot;,&quot;modalOptions&quot;:{&quot;id&quot;:&quot;elementor-lightbox-dc69ee0&quot;,&quot;entranceAnimation&quot;:&quot;&quot;,&quot;entranceAnimation_tablet&quot;:&quot;&quot;,&quot;entranceAnimation_mobile&quot;:&quot;&quot;,&quot;videoAspectRatio&quot;:&quot;169&quot;}}\" data-e-action-hash=\"#elementor-action%3Aaction%3Dlightbox%26settings%3DeyJ0eXBlIjoidmlkZW8iLCJ2aWRlb1R5cGUiOiJ2aW1lbyIsInVybCI6Imh0dHBzOlwvXC93d3cueW91dHViZS5jb21cL2VtYmVkXC9fcE9RcTVSWGwyYz9mZWF0dXJlPW9lbWJlZCZjb2xvciZhdXRvcGF1c2U9MCZsb29wPTAmbXV0ZWQ9MCZ0aXRsZT0xJnBvcnRyYWl0PTEmYnlsaW5lPTEiLCJhdXRvcGxheSI6IiIsIm1vZGFsT3B0aW9ucyI6eyJpZCI6ImVsZW1lbnRvci1saWdodGJveC1kYzY5ZWUwIiwiZW50cmFuY2VBbmltYXRpb24iOiIiLCJlbnRyYW5jZUFuaW1hdGlvbl90YWJsZXQiOiIiLCJlbnRyYW5jZUFuaW1hdGlvbl9tb2JpbGUiOiIiLCJ2aWRlb0FzcGVjdFJhdGlvIjoiMTY5In19\">\n\t\t\t\t\t\t\t\t\t\t\t<img loading=\"lazy\" decoding=\"async\" width=\"800\" height=\"450\" src=\"https:\/\/benifex.com\/wp-content\/uploads\/sites\/3\/api-connect-thumb.jpg\" class=\"attachment-full size-full wp-image-3215\" alt=\"\" srcset=\"https:\/\/benifex.com\/wp-content\/uploads\/sites\/3\/api-connect-thumb.jpg 800w, https:\/\/benifex.com\/wp-content\/uploads\/sites\/3\/api-connect-thumb-768x432.jpg 768w\" sizes=\"auto, (max-width: 800px) 100vw, 800px\" \/>\t\t\t\t\t\t\t\t\t\t\t\t\t\t\t\t<div class=\"elementor-custom-embed-play\" role=\"button\" aria-label=\"Play Video\" tabindex=\"0\">\n\t\t\t\t\t\t\t<svg aria-hidden=\"true\" class=\"e-font-icon-svg e-fas-play-circle\" viewBox=\"0 0 512 512\" xmlns=\"http:\/\/www.w3.org\/2000\/svg\"><path d=\"M256 8C119 8 8 119 8 256s111 248 248 248 248-111 248-248S393 8 256 8zm115.7 272l-176 101c-15.8 8.8-35.7-2.5-35.7-21V152c0-18.4 19.8-29.8 35.7-21l176 107c16.4 9.2 16.4 32.9 0 42z\"><\/path><\/svg>\t\t\t\t\t\t<\/div>\n\t\t\t\t\t\t\t\t\t<\/div>\n\t\t\t\t\t<\/div>\n\t\t\t\t\t\t<\/div>\n\t\t\t\t<\/div>\n\t\t\t\t\t<\/div>\n\t\t\t\t<\/div>\n\t\t<div class=\"elementor-element elementor-element-738921b e-flex e-con-boxed e-con e-parent\" data-id=\"738921b\" data-element_type=\"container\" data-e-type=\"container\">\n\t\t\t\t\t<div class=\"e-con-inner\">\n\t\t<div class=\"elementor-element elementor-element-ec7e6f6 e-con-full e-flex e-con e-child\" data-id=\"ec7e6f6\" data-element_type=\"container\" data-e-type=\"container\" data-settings=\"{&quot;background_background&quot;:&quot;classic&quot;}\">\n\t\t\t\t<div class=\"elementor-element elementor-element-67f1dbf elementor-widget elementor-widget-heading\" data-id=\"67f1dbf\" data-element_type=\"widget\" data-e-type=\"widget\" data-widget_type=\"heading.default\">\n\t\t\t\t\t<h4 class=\"elementor-heading-title elementor-size-default\">Starten Sie mit API Connect<\/h4>\t\t\t\t<\/div>\n\t\t\t\t<div class=\"elementor-element elementor-element-e80854c elementor-widget elementor-widget-text-editor\" data-id=\"e80854c\" data-element_type=\"widget\" data-e-type=\"widget\" data-widget_type=\"text-editor.default\">\n\t\t\t\t\t\t\t\t\t<p>An alten Prozessen f\u00fcr Benefits und Rewards festzuhalten, die manuelle Eingriffe erfordern, kann riskant sein und Sie daran hindern, eine nahtlose Mitarbeitererfahrung zu schaffen.<\/p><p>Eine einfache L\u00f6sung ist der Einsatz von APIs, um Daten zwischen Systemen auszutauschen. APIs spielen eine entscheidende Rolle dabei, eine skalierbare L\u00f6sung bereitzustellen, die mit Ihrer Organisation und Ihren Mitarbeitenden mitw\u00e4chst.<\/p>\t\t\t\t\t\t\t\t<\/div>\n\t\t\t\t<\/div>\n\t\t<div class=\"elementor-element elementor-element-c9be842 e-con-full e-flex e-con e-child\" data-id=\"c9be842\" data-element_type=\"container\" data-e-type=\"container\" data-settings=\"{&quot;background_background&quot;:&quot;classic&quot;}\">\n\t\t\t\t<div class=\"elementor-element elementor-element-8c26ece elementor-widget elementor-widget-spacer\" data-id=\"8c26ece\" data-element_type=\"widget\" data-e-type=\"widget\" data-widget_type=\"spacer.default\">\n\t\t\t\t\t\t\t<div class=\"elementor-spacer\">\n\t\t\t<div class=\"elementor-spacer-inner\"><\/div>\n\t\t<\/div>\n\t\t\t\t\t\t<\/div>\n\t\t\t\t<\/div>\n\t\t\t\t\t<\/div>\n\t\t\t\t<\/div>\n\t\t\t\t<\/div>\n\t\t","protected":false},"excerpt":{"rendered":"<p>Benifex API Connect Benifex API Connect ist die L\u00f6sung, die den Datenaustausch vereinfacht und Echtzeit-Updates automatisiert \u2013 alles, um eine bessere Erfahrung f\u00fcr sowohl HR-Teams als auch Mitarbeitende zu schaffen. Eine API-L\u00f6sung f\u00fcr nahtlose Integration API Connect nutzt Daten aus HR- oder Gehaltssystemen als Grundlage, um Mitarbeiterdaten zu verkn\u00fcpfen. Dadurch wird der Prozess der Daten\u00fcbertragung [&hellip;]<\/p>\n","protected":false},"author":2,"featured_media":13271,"parent":10737,"menu_order":0,"comment_status":"closed","ping_status":"closed","template":"elementor_theme","meta":{"_acf_changed":false,"footnotes":""},"categories":[],"tags":[],"class_list":["post-10773","page","type-page","status-publish","has-post-thumbnail","hentry"],"acf":[],"yoast_head":"<!-- This site is optimized with the Yoast SEO Premium plugin v26.7 (Yoast SEO v27.2) - https:\/\/yoast.com\/product\/yoast-seo-premium-wordpress\/ -->\n<title>Mehr Flexibilit\u00e4t in Blitzgeschwindigkeit - Benifex API Connect - Benifex<\/title>\n<meta name=\"description\" content=\"Benifex API Connect \u00fcbertr\u00e4gt automatisch Daten zwischen HCM-Systemen und der Benifex-Plattform. Mit unserer offenen API-Funktion k\u00f6nnen Sie sicherstellen, dass Ihre Mitarbeiter immer auf dem neuesten Stand sind!\" \/>\n<meta name=\"robots\" content=\"index, follow, max-snippet:-1, max-image-preview:large, max-video-preview:-1\" \/>\n<link rel=\"canonical\" href=\"https:\/\/benifex.com\/de\/die-benefits-plattform\/benifex-api-connect\/\" \/>\n<meta property=\"og:locale\" content=\"en_US\" \/>\n<meta property=\"og:type\" content=\"article\" \/>\n<meta property=\"og:title\" content=\"Benifex API Connect\" \/>\n<meta property=\"og:description\" content=\"Benifex API Connect \u00fcbertr\u00e4gt automatisch Daten zwischen HCM-Systemen und der Benifex-Plattform. Mit unserer offenen API-Funktion k\u00f6nnen Sie sicherstellen, dass Ihre Mitarbeiter immer auf dem neuesten Stand sind!\" \/>\n<meta property=\"og:url\" content=\"https:\/\/benifex.com\/de\/die-benefits-plattform\/benifex-api-connect\/\" \/>\n<meta property=\"og:site_name\" content=\"Benifex\" \/>\n<meta property=\"article:modified_time\" content=\"2026-03-24T16:35:20+00:00\" \/>\n<meta property=\"og:image\" content=\"https:\/\/benifex.com\/wp-content\/uploads\/sites\/3\/Our-Awards.jpg\" \/>\n\t<meta property=\"og:image:width\" content=\"1920\" \/>\n\t<meta property=\"og:image:height\" content=\"1080\" \/>\n\t<meta property=\"og:image:type\" content=\"image\/webp\" \/>\n<meta name=\"twitter:card\" content=\"summary_large_image\" \/>\n<meta name=\"twitter:label1\" content=\"Est. reading time\" \/>\n\t<meta name=\"twitter:data1\" content=\"2 minutes\" \/>\n<script type=\"application\/ld+json\" class=\"yoast-schema-graph\">{\"@context\":\"https:\/\/schema.org\",\"@graph\":[{\"@type\":\"WebPage\",\"@id\":\"https:\/\/benifex.com\/de\/die-benefits-plattform\/benifex-api-connect\/\",\"url\":\"https:\/\/benifex.com\/de\/die-benefits-plattform\/benifex-api-connect\/\",\"name\":\"Mehr Flexibilit\u00e4t in Blitzgeschwindigkeit - Benifex API Connect - Benifex\",\"isPartOf\":{\"@id\":\"https:\/\/benifex.com\/de\/#website\"},\"primaryImageOfPage\":{\"@id\":\"https:\/\/benifex.com\/de\/die-benefits-plattform\/benifex-api-connect\/#primaryimage\"},\"image\":{\"@id\":\"https:\/\/benifex.com\/de\/die-benefits-plattform\/benifex-api-connect\/#primaryimage\"},\"thumbnailUrl\":\"https:\/\/benifex.com\/wp-content\/uploads\/sites\/3\/Our-Awards.jpg\",\"datePublished\":\"2024-10-04T10:36:55+00:00\",\"dateModified\":\"2026-03-24T16:35:20+00:00\",\"description\":\"Benifex API Connect \u00fcbertr\u00e4gt automatisch Daten zwischen HCM-Systemen und der Benifex-Plattform. Mit unserer offenen API-Funktion k\u00f6nnen Sie sicherstellen, dass Ihre Mitarbeiter immer auf dem neuesten Stand sind!\",\"breadcrumb\":{\"@id\":\"https:\/\/benifex.com\/de\/die-benefits-plattform\/benifex-api-connect\/#breadcrumb\"},\"inLanguage\":\"en-US\",\"potentialAction\":[{\"@type\":\"ReadAction\",\"target\":[\"https:\/\/benifex.com\/de\/die-benefits-plattform\/benifex-api-connect\/\"]}]},{\"@type\":\"ImageObject\",\"inLanguage\":\"en-US\",\"@id\":\"https:\/\/benifex.com\/de\/die-benefits-plattform\/benifex-api-connect\/#primaryimage\",\"url\":\"https:\/\/benifex.com\/wp-content\/uploads\/sites\/3\/Our-Awards.jpg\",\"contentUrl\":\"https:\/\/benifex.com\/wp-content\/uploads\/sites\/3\/Our-Awards.jpg\",\"width\":1920,\"height\":1080,\"caption\":\"Stolzes Team am Tisch bei der Preisverleihung f\u00fcr innovative HR-Technologie\"},{\"@type\":\"BreadcrumbList\",\"@id\":\"https:\/\/benifex.com\/de\/die-benefits-plattform\/benifex-api-connect\/#breadcrumb\",\"itemListElement\":[{\"@type\":\"ListItem\",\"position\":1,\"name\":\"Home\",\"item\":\"https:\/\/benifex.com\/de\/en\/\"},{\"@type\":\"ListItem\",\"position\":2,\"name\":\"Die Benefits Plattform\",\"item\":\"https:\/\/benifex.com\/de\/die-benefits-plattform\/\"},{\"@type\":\"ListItem\",\"position\":3,\"name\":\"Benifex API Connect\"}]},{\"@type\":\"WebSite\",\"@id\":\"https:\/\/benifex.com\/de\/#website\",\"url\":\"https:\/\/benifex.com\/de\/\",\"name\":\"Benifex\",\"description\":\"Global employee benefits and total rewards platform\",\"publisher\":{\"@id\":\"https:\/\/benifex.com\/de\/#organization\"},\"alternateName\":\"Benifex\",\"potentialAction\":[{\"@type\":\"SearchAction\",\"target\":{\"@type\":\"EntryPoint\",\"urlTemplate\":\"https:\/\/benifex.com\/de\/?s={search_term_string}\"},\"query-input\":{\"@type\":\"PropertyValueSpecification\",\"valueRequired\":true,\"valueName\":\"search_term_string\"}}],\"inLanguage\":\"en-US\"},{\"@type\":\"Organization\",\"@id\":\"https:\/\/benifex.com\/de\/#organization\",\"name\":\"Benifex\",\"url\":\"https:\/\/benifex.com\/de\/\",\"logo\":{\"@type\":\"ImageObject\",\"inLanguage\":\"en-US\",\"@id\":\"https:\/\/benifex.com\/de\/#\/schema\/logo\/image\/\",\"url\":\"https:\/\/benifex.com\/wp-content\/uploads\/sites\/3\/Benifex_Logo_White.svg\",\"contentUrl\":\"https:\/\/benifex.com\/wp-content\/uploads\/sites\/3\/Benifex_Logo_White.svg\",\"width\":799,\"height\":265,\"caption\":\"Benifex\"},\"image\":{\"@id\":\"https:\/\/benifex.com\/de\/#\/schema\/logo\/image\/\"}}]}<\/script>\n<!-- \/ Yoast SEO Premium plugin. -->","yoast_head_json":{"title":"Mehr Flexibilit\u00e4t in Blitzgeschwindigkeit - Benifex API Connect - Benifex","description":"Benifex API Connect \u00fcbertr\u00e4gt automatisch Daten zwischen HCM-Systemen und der Benifex-Plattform. Mit unserer offenen API-Funktion k\u00f6nnen Sie sicherstellen, dass Ihre Mitarbeiter immer auf dem neuesten Stand sind!","robots":{"index":"index","follow":"follow","max-snippet":"max-snippet:-1","max-image-preview":"max-image-preview:large","max-video-preview":"max-video-preview:-1"},"canonical":"https:\/\/benifex.com\/de\/die-benefits-plattform\/benifex-api-connect\/","og_locale":"en_US","og_type":"article","og_title":"Benifex API Connect","og_description":"Benifex API Connect \u00fcbertr\u00e4gt automatisch Daten zwischen HCM-Systemen und der Benifex-Plattform. Mit unserer offenen API-Funktion k\u00f6nnen Sie sicherstellen, dass Ihre Mitarbeiter immer auf dem neuesten Stand sind!","og_url":"https:\/\/benifex.com\/de\/die-benefits-plattform\/benifex-api-connect\/","og_site_name":"Benifex","article_modified_time":"2026-03-24T16:35:20+00:00","og_image":[{"width":1920,"height":1080,"url":"https:\/\/benifex.com\/wp-content\/uploads\/sites\/3\/Our-Awards.jpg","type":"image\/webp"}],"twitter_card":"summary_large_image","twitter_misc":{"Est. reading time":"2 minutes"},"schema":{"@context":"https:\/\/schema.org","@graph":[{"@type":"WebPage","@id":"https:\/\/benifex.com\/de\/die-benefits-plattform\/benifex-api-connect\/","url":"https:\/\/benifex.com\/de\/die-benefits-plattform\/benifex-api-connect\/","name":"Mehr Flexibilit\u00e4t in Blitzgeschwindigkeit - Benifex API Connect - Benifex","isPartOf":{"@id":"https:\/\/benifex.com\/de\/#website"},"primaryImageOfPage":{"@id":"https:\/\/benifex.com\/de\/die-benefits-plattform\/benifex-api-connect\/#primaryimage"},"image":{"@id":"https:\/\/benifex.com\/de\/die-benefits-plattform\/benifex-api-connect\/#primaryimage"},"thumbnailUrl":"https:\/\/benifex.com\/wp-content\/uploads\/sites\/3\/Our-Awards.jpg","datePublished":"2024-10-04T10:36:55+00:00","dateModified":"2026-03-24T16:35:20+00:00","description":"Benifex API Connect \u00fcbertr\u00e4gt automatisch Daten zwischen HCM-Systemen und der Benifex-Plattform. Mit unserer offenen API-Funktion k\u00f6nnen Sie sicherstellen, dass Ihre Mitarbeiter immer auf dem neuesten Stand sind!","breadcrumb":{"@id":"https:\/\/benifex.com\/de\/die-benefits-plattform\/benifex-api-connect\/#breadcrumb"},"inLanguage":"en-US","potentialAction":[{"@type":"ReadAction","target":["https:\/\/benifex.com\/de\/die-benefits-plattform\/benifex-api-connect\/"]}]},{"@type":"ImageObject","inLanguage":"en-US","@id":"https:\/\/benifex.com\/de\/die-benefits-plattform\/benifex-api-connect\/#primaryimage","url":"https:\/\/benifex.com\/wp-content\/uploads\/sites\/3\/Our-Awards.jpg","contentUrl":"https:\/\/benifex.com\/wp-content\/uploads\/sites\/3\/Our-Awards.jpg","width":1920,"height":1080,"caption":"Stolzes Team am Tisch bei der Preisverleihung f\u00fcr innovative HR-Technologie"},{"@type":"BreadcrumbList","@id":"https:\/\/benifex.com\/de\/die-benefits-plattform\/benifex-api-connect\/#breadcrumb","itemListElement":[{"@type":"ListItem","position":1,"name":"Home","item":"https:\/\/benifex.com\/de\/en\/"},{"@type":"ListItem","position":2,"name":"Die Benefits Plattform","item":"https:\/\/benifex.com\/de\/die-benefits-plattform\/"},{"@type":"ListItem","position":3,"name":"Benifex API Connect"}]},{"@type":"WebSite","@id":"https:\/\/benifex.com\/de\/#website","url":"https:\/\/benifex.com\/de\/","name":"Benifex","description":"Global employee benefits and total rewards platform","publisher":{"@id":"https:\/\/benifex.com\/de\/#organization"},"alternateName":"Benifex","potentialAction":[{"@type":"SearchAction","target":{"@type":"EntryPoint","urlTemplate":"https:\/\/benifex.com\/de\/?s={search_term_string}"},"query-input":{"@type":"PropertyValueSpecification","valueRequired":true,"valueName":"search_term_string"}}],"inLanguage":"en-US"},{"@type":"Organization","@id":"https:\/\/benifex.com\/de\/#organization","name":"Benifex","url":"https:\/\/benifex.com\/de\/","logo":{"@type":"ImageObject","inLanguage":"en-US","@id":"https:\/\/benifex.com\/de\/#\/schema\/logo\/image\/","url":"https:\/\/benifex.com\/wp-content\/uploads\/sites\/3\/Benifex_Logo_White.svg","contentUrl":"https:\/\/benifex.com\/wp-content\/uploads\/sites\/3\/Benifex_Logo_White.svg","width":799,"height":265,"caption":"Benifex"},"image":{"@id":"https:\/\/benifex.com\/de\/#\/schema\/logo\/image\/"}}]}},"lang":"de","translations":{"de":10773},"pll_sync_post":[],"_links":{"self":[{"href":"https:\/\/benifex.com\/de\/wp-json\/wp\/v2\/pages\/10773","targetHints":{"allow":["GET"]}}],"collection":[{"href":"https:\/\/benifex.com\/de\/wp-json\/wp\/v2\/pages"}],"about":[{"href":"https:\/\/benifex.com\/de\/wp-json\/wp\/v2\/types\/page"}],"author":[{"embeddable":true,"href":"https:\/\/benifex.com\/de\/wp-json\/wp\/v2\/users\/2"}],"replies":[{"embeddable":true,"href":"https:\/\/benifex.com\/de\/wp-json\/wp\/v2\/comments?post=10773"}],"version-history":[{"count":0,"href":"https:\/\/benifex.com\/de\/wp-json\/wp\/v2\/pages\/10773\/revisions"}],"up":[{"embeddable":true,"href":"https:\/\/benifex.com\/de\/wp-json\/wp\/v2\/pages\/10737"}],"wp:featuredmedia":[{"embeddable":true,"href":"https:\/\/benifex.com\/de\/wp-json\/wp\/v2\/media\/13271"}],"wp:attachment":[{"href":"https:\/\/benifex.com\/de\/wp-json\/wp\/v2\/media?parent=10773"}],"wp:term":[{"taxonomy":"category","embeddable":true,"href":"https:\/\/benifex.com\/de\/wp-json\/wp\/v2\/categories?post=10773"},{"taxonomy":"post_tag","embeddable":true,"href":"https:\/\/benifex.com\/de\/wp-json\/wp\/v2\/tags?post=10773"}],"curies":[{"name":"wp","href":"https:\/\/api.w.org\/{rel}","templated":true}]}}